{"id":85,"date":"2024-03-07T02:13:26","date_gmt":"2024-03-07T02:13:26","guid":{"rendered":"http:\/\/gatto.net.br\/?page_id=85"},"modified":"2025-02-12T20:37:31","modified_gmt":"2025-02-12T23:37:31","slug":"investimento","status":"publish","type":"page","link":"https:\/\/gatto.net.br\/?page_id=85","title":{"rendered":"Investimento"},"content":{"rendered":"<p>Investir em terapia \u00e9 investir em si mesmo. \u00c9 dedicar tempo, esfor\u00e7o e recursos para o seu bem-estar mental e emocional. A terapia pode proporcionar uma variedade de benef\u00edcios, desde o al\u00edvio do estresse e da ansiedade at\u00e9 o desenvolvimento de habilidades de enfrentamento e a melhoria da qualidade de vida.<\/p><p>Entendemos que cada pessoa tem suas pr\u00f3prias necessidades e circunst\u00e2ncias, por isso oferecemos tr\u00eas modalidades de terapia: presencial, remota e remota social.<\/p><p>A consulta\/terapia <strong>remota<\/strong> t\u00eam um custo a partir de <strong>R$200,00<\/strong> por sess\u00e3o pagos antecipadamente mediante agendamento.<\/p><p>Reconhecemos tamb\u00e9m a import\u00e2ncia de tornar a terapia acess\u00edvel a todos, independentemente de sua situa\u00e7\u00e3o financeira. Por isso, oferecemos a modalidade <strong>remota social<\/strong>*, que tem um custo reduzido em compara\u00e7\u00e3o com as outras modalidades.<\/p><p>Entre em contato agora mesmo e agende sua triagem! Lembre-se, a terapia \u00e9 um investimento em voc\u00ea. \u00c9 um passo em dire\u00e7\u00e3o a uma vida mais saud\u00e1vel e satisfat\u00f3ria. <strong>Felicidade \u00e9 uma quest\u00e3o de habilidade!<\/strong> E, como qualquer investimento, vale a pena considerar o valor que ele pode trazer para a sua vida.<\/p><p><\/p><p><\/p><p><em><sub>*Remota Social: Solicitamos cadastro no Cad\u00danico atualizado. <\/sub><\/em><\/p>","protected":false},"excerpt":{"rendered":"<p>Investir em terapia \u00e9 investir em si mesmo. \u00c9 dedicar tempo, esfor\u00e7o e recursos para o seu bem-estar mental e emocional. A terapia pode proporcionar uma variedade de benef\u00edcios, desde o al\u00edvio do estresse e da ansiedade at\u00e9 o desenvolvimento de habilidades de enfrentamento e a melhoria da qualidade de vida. Entendemos que cada pessoa [&hellip;]<\/p>\n","protected":false},"author":1,"featured_media":0,"parent":0,"menu_order":0,"comment_status":"closed","ping_status":"closed","template":"","meta":{"site-container-style":"default","site-container-layout":"default","site-sidebar-layout":"default","site-transparent-header":"default","disable-article-header":"default","disable-site-header":"default","disable-site-footer":"default","disable-content-area-spacing":"default","footnotes":""},"_links":{"self":[{"href":"https:\/\/gatto.net.br\/index.php?rest_route=\/wp\/v2\/pages\/85"}],"collection":[{"href":"https:\/\/gatto.net.br\/index.php?rest_route=\/wp\/v2\/pages"}],"about":[{"href":"https:\/\/gatto.net.br\/index.php?rest_route=\/wp\/v2\/types\/page"}],"author":[{"embeddable":true,"href":"https:\/\/gatto.net.br\/index.php?rest_route=\/wp\/v2\/users\/1"}],"replies":[{"embeddable":true,"href":"https:\/\/gatto.net.br\/index.php?rest_route=%2Fwp%2Fv2%2Fcomments&post=85"}],"version-history":[{"count":5,"href":"https:\/\/gatto.net.br\/index.php?rest_route=\/wp\/v2\/pages\/85\/revisions"}],"predecessor-version":[{"id":242,"href":"https:\/\/gatto.net.br\/index.php?rest_route=\/wp\/v2\/pages\/85\/revisions\/242"}],"wp:attachment":[{"href":"https:\/\/gatto.net.br\/index.php?rest_route=%2Fwp%2Fv2%2Fmedia&parent=85"}],"curies":[{"name":"wp","href":"https:\/\/api.w.org\/{rel}","templated":true}]}}